{"id":42,"date":"2017-10-26T14:07:50","date_gmt":"2017-10-26T12:07:50","guid":{"rendered":"http:\/\/www.formalim.fr\/?page_id=42"},"modified":"2024-06-05T10:58:18","modified_gmt":"2024-06-05T08:58:18","slug":"page-2","status":"publish","type":"page","link":"https:\/\/www.naturobienetre01.fr\/?page_id=42","title":{"rendered":"Th\u00e9rapie"},"content":{"rendered":"<p><span style=\"color: #993366; font-family: tahoma, arial, helvetica, sans-serif;\"><em>UN\u00a0 NATUROPATHE \u00a0\u00a0est un praticien de sant\u00e9, qui intervient sur deux volets\u00a0:<br \/>\nLa th\u00e9rapie, pour soigner,\u00a0 et\u00a0 la m\u00e9decine pr\u00e9ventive pour fortifier le terrain et\u00a0 maintenir un bon \u00e9tat de sant\u00e9 sur le long terme.<br \/>\n<\/em><em>Il\u00a0 dispose de diff\u00e9rentes techniques et outils naturels pour y arriver\u00a0 ne faisant pas appel \u00e0\u00a0 l\u2019allopathie, tels que\u00a0: Alimentation, exercices physiques et respiratoires, gestion du stress et des \u00e9motions, drainage des \u00e9monctoires, phytoth\u00e9rapie et hom\u00e9opathie, aromath\u00e9rapie, renforcement de nos d\u00e9fenses, etc \u2026 <\/em><\/span><\/p>\n<p><span style=\"font-family: tahoma, arial, helvetica, sans-serif;\"><strong>\u00a0<\/strong><\/span><\/p>\n<p><span style=\"font-family: tahoma, arial, helvetica, sans-serif; color: #339966;\"><strong>NATUROPATHIE\u00a0 : <\/strong><\/span><\/p>\n<p><span style=\"font-family: tahoma, arial, helvetica, sans-serif;\"><strong><span style=\"color: #0000ff;\">-Quelques outils du Naturopathe :<\/span> <\/strong><\/span><br \/>\n<span style=\"font-family: tahoma, arial, helvetica, sans-serif;\"><span style=\"color: #0000ff;\">*Techniques corporelles : Massages, r\u00e9flexologies, magn\u00e9tisme\/soins \u00e9nerg\u00e9tiques, relaxation et gestion du stress et des \u00e9motions, <\/span><\/span><br \/>\n<span style=\"font-family: tahoma, arial, helvetica, sans-serif;\"><span style=\"color: #0000ff;\">*Travail sur l&#8217;hygi\u00e8ne de vie : R\u00e9adaptation alimentaire, relaxation, adapter son hygi\u00e8ne de vie et son alimentation aux diff\u00e9rentes pathologies (diab\u00e8te, insuffisance r\u00e9nale, dyslipid\u00e9mies, allergies, intol\u00e9rances, &#8230;), d\u00e9pendances (alcool, tabac, affectives et \u00e9motionnelles, &#8230;. )<br \/>\n<\/span><span style=\"color: #0000ff;\">*Pharmacop\u00e9e traditionnelle : Aromath\u00e9rapie, fleurs de Bach, Hom\u00e9opathie, phytoth\u00e9rapie, oligoth\u00e9rapie, vitamines et min\u00e9raux, etc&#8230;.<\/span><\/span><\/p>\n<p><span style=\"font-family: tahoma, arial, helvetica, sans-serif;\"> &#8211; &#8211; &#8211; &#8211; &#8211; &#8211; &#8211; &#8211; &#8211; &#8211; &#8211;<\/span><\/p>\n<p><span style=\"font-family: tahoma, arial, helvetica, sans-serif; color: #339966;\"><strong>LES CONSULTATIONS SONT ELLES REMBOURSEES\u00a0?<\/strong><\/span><br \/>\n<span style=\"font-family: tahoma, arial, helvetica, sans-serif; color: #0000ff;\"> -Elles ne sont pas rembours\u00e9es par la s\u00e9curit\u00e9 sociale, cependant, un nombre croissant de mutuelles compl\u00e9mentaires sant\u00e9 \u00e9tablissent des prises en charges.<\/span><\/p>\n<p><span style=\"font-family: tahoma, arial, helvetica, sans-serif; color: #339966;\"><strong>D\u2019AUTRES QUESTIONS\u00a0?<\/strong><\/span><br \/>\n<span style=\"font-family: tahoma, arial, helvetica, sans-serif; color: #0000ff;\"> -Contactez-moi\u00a0 !<\/span><\/p>\n","protected":false},"excerpt":{"rendered":"<p>UN\u00a0 NATUROPATHE \u00a0\u00a0est un praticien de sant\u00e9, qui intervient sur deux volets\u00a0: La th\u00e9rapie, pour soigner,\u00a0 et\u00a0 la m\u00e9decine pr\u00e9ventive pour fortifier le terrain et\u00a0 maintenir un bon \u00e9tat de sant\u00e9 sur le long terme. Il\u00a0 dispose de diff\u00e9rentes techniques et outils naturels pour y arriver\u00a0 ne faisant pas appel \u00e0\u00a0 l\u2019allopathie, tels que\u00a0: Alimentation, &hellip; <a href=\"https:\/\/www.naturobienetre01.fr\/?page_id=42\" class=\"more-link\">Continuer la lecture<span class=\"screen-reader-text\"> de &laquo;&nbsp;Th\u00e9rapie&nbsp;&raquo;<\/span><\/a><\/p>\n","protected":false},"author":2,"featured_media":0,"parent":0,"menu_order":0,"comment_status":"closed","ping_status":"closed","template":"","meta":{"footnotes":""},"class_list":["post-42","page","type-page","status-publish","hentry"],"_links":{"self":[{"href":"https:\/\/www.naturobienetre01.fr\/index.php?rest_route=\/wp\/v2\/pages\/42","targetHints":{"allow":["GET"]}}],"collection":[{"href":"https:\/\/www.naturobienetre01.fr\/index.php?rest_route=\/wp\/v2\/pages"}],"about":[{"href":"https:\/\/www.naturobienetre01.fr\/index.php?rest_route=\/wp\/v2\/types\/page"}],"author":[{"embeddable":true,"href":"https:\/\/www.naturobienetre01.fr\/index.php?rest_route=\/wp\/v2\/users\/2"}],"replies":[{"embeddable":true,"href":"https:\/\/www.naturobienetre01.fr\/index.php?rest_route=%2Fwp%2Fv2%2Fcomments&post=42"}],"version-history":[{"count":6,"href":"https:\/\/www.naturobienetre01.fr\/index.php?rest_route=\/wp\/v2\/pages\/42\/revisions"}],"predecessor-version":[{"id":138,"href":"https:\/\/www.naturobienetre01.fr\/index.php?rest_route=\/wp\/v2\/pages\/42\/revisions\/138"}],"wp:attachment":[{"href":"https:\/\/www.naturobienetre01.fr\/index.php?rest_route=%2Fwp%2Fv2%2Fmedia&parent=42"}],"curies":[{"name":"wp","href":"https:\/\/api.w.org\/{rel}","templated":true}]}}