{"id":46,"date":"2017-10-26T14:08:53","date_gmt":"2017-10-26T12:08:53","guid":{"rendered":"http:\/\/www.formalim.fr\/?page_id=46"},"modified":"2024-06-05T11:07:03","modified_gmt":"2024-06-05T09:07:03","slug":"page-4","status":"publish","type":"page","link":"https:\/\/www.naturobienetre01.fr\/?page_id=46","title":{"rendered":"Groupes et Entreprises"},"content":{"rendered":"<p><strong><u><span style=\"color: #993366;\">GROUPES \/ EVENEMENTIEL \/ ENTREPRISES<\/span> <\/u><\/strong><strong><u><br \/>\n<\/u><\/strong><\/p>\n<p><span style=\"color: #993366;\"><em>-Soir\u00e9es, animations, conf\u00e9rences, r\u00e9unions, r\u00e9ceptions, \u00e9v\u00e8nements priv\u00e9s ou professionnels, \u2026<\/em><\/span><\/p>\n<p><span style=\"color: #339966;\"><strong><u>BIEN-ETRE<br \/>\n<\/u><\/strong><\/span><span style=\"color: #0000ff;\">* Massages-Bien-Etre (traditionnels ou sur chaise ergonomique)<br \/>\n* DoIn<\/span><br \/>\n<span style=\"color: #0000ff;\">* Relaxation<\/span><br \/>\n<span style=\"color: #339966;\"><strong><u>ATELIERS \/ CONFERENCES autour de th\u00e8mes vari\u00e9s selon vos besoins\u00a0:<br \/>\n<\/u><\/strong><\/span><span style=\"color: #0000ff;\">Gestion du stress, alimentation au travail, hygi\u00e8ne de vie, les solutions naturelles, bien faire ses courses, relaxation, etc\u2026<\/p>\n<p><span style=\"color: #339966;\"><strong><u>COMMITE D&#8217;ENTREPRISES<\/u><\/strong><\/span><br \/>\nPartenariat possible.<\/p>\n<p><\/span><\/p>\n<p><strong><u><span style=\"color: #993366;\">POUR INFOS :<br \/>\n<\/span><\/u><\/strong> <span style=\"color: #993366;\"><em>Pour toutes questions ou projets, contactez-moi directement.<br \/>\n<\/em><\/span><\/p>\n","protected":false},"excerpt":{"rendered":"<p>GROUPES \/ EVENEMENTIEL \/ ENTREPRISES -Soir\u00e9es, animations, conf\u00e9rences, r\u00e9unions, r\u00e9ceptions, \u00e9v\u00e8nements priv\u00e9s ou professionnels, \u2026 BIEN-ETRE * Massages-Bien-Etre (traditionnels ou sur chaise ergonomique) * DoIn * Relaxation ATELIERS \/ CONFERENCES autour de th\u00e8mes vari\u00e9s selon vos besoins\u00a0: Gestion du stress, alimentation au travail, hygi\u00e8ne de vie, les solutions naturelles, bien faire ses courses, relaxation, etc\u2026 &hellip; <a href=\"https:\/\/www.naturobienetre01.fr\/?page_id=46\" class=\"more-link\">Continuer la lecture<span class=\"screen-reader-text\"> de &laquo;&nbsp;Groupes et Entreprises&nbsp;&raquo;<\/span><\/a><\/p>\n","protected":false},"author":2,"featured_media":0,"parent":0,"menu_order":0,"comment_status":"closed","ping_status":"closed","template":"","meta":{"footnotes":""},"class_list":["post-46","page","type-page","status-publish","hentry"],"_links":{"self":[{"href":"https:\/\/www.naturobienetre01.fr\/index.php?rest_route=\/wp\/v2\/pages\/46","targetHints":{"allow":["GET"]}}],"collection":[{"href":"https:\/\/www.naturobienetre01.fr\/index.php?rest_route=\/wp\/v2\/pages"}],"about":[{"href":"https:\/\/www.naturobienetre01.fr\/index.php?rest_route=\/wp\/v2\/types\/page"}],"author":[{"embeddable":true,"href":"https:\/\/www.naturobienetre01.fr\/index.php?rest_route=\/wp\/v2\/users\/2"}],"replies":[{"embeddable":true,"href":"https:\/\/www.naturobienetre01.fr\/index.php?rest_route=%2Fwp%2Fv2%2Fcomments&post=46"}],"version-history":[{"count":4,"href":"https:\/\/www.naturobienetre01.fr\/index.php?rest_route=\/wp\/v2\/pages\/46\/revisions"}],"predecessor-version":[{"id":141,"href":"https:\/\/www.naturobienetre01.fr\/index.php?rest_route=\/wp\/v2\/pages\/46\/revisions\/141"}],"wp:attachment":[{"href":"https:\/\/www.naturobienetre01.fr\/index.php?rest_route=%2Fwp%2Fv2%2Fmedia&parent=46"}],"curies":[{"name":"wp","href":"https:\/\/api.w.org\/{rel}","templated":true}]}}